{"id":156,"date":"2024-11-03T14:37:02","date_gmt":"2024-11-03T14:37:02","guid":{"rendered":"https:\/\/somanest.fi\/?page_id=156"},"modified":"2025-11-15T15:10:48","modified_gmt":"2025-11-15T15:10:48","slug":"soma-koulutuspalvelut","status":"publish","type":"page","link":"https:\/\/somanest.fi\/index.php\/soma-koulutuspalvelut\/","title":{"rendered":"Ensiapukoulutukset"},"content":{"rendered":"\t\t<div data-elementor-type=\"wp-page\" data-elementor-id=\"156\" class=\"elementor elementor-156\" data-elementor-post-type=\"page\">\n\t\t\t\t<div class=\"elementor-element elementor-element-1d331d71 e-flex e-con-boxed e-con e-parent\" data-id=\"1d331d71\" data-element_type=\"container\">\n\t\t\t\t\t<div class=\"e-con-inner\">\n\t\t<div class=\"elementor-element elementor-element-545366b e-con-full e-flex e-con e-child\" data-id=\"545366b\" data-element_type=\"container\">\n\t\t\t\t<div class=\"elementor-element elementor-element-5df6e8d elementor-widget elementor-widget-text-editor\" data-id=\"5df6e8d\" data-element_type=\"widget\" data-widget_type=\"text-editor.default\">\n\t\t\t\t<div class=\"elementor-widget-container\">\n\t\t\t\t\t\t\t<h1 class=\"wp-block-heading has-text-align-center has-x-large-font-size\">Ensiapukoulutukset<\/h1><div class=\"wp-block-spacer\" aria-hidden=\"true\">\u00a0<\/div><p class=\"has-text-align-center\">Tarjoamme ensiapukoulutuksia yrityksille, yhteis\u00f6ille sek\u00e4 yksityishenkil\u00f6ille. Ensiapukoulutuksia vet\u00e4v\u00e4t alan kokeneet ammattilaiset, jotka omaavat laajan k\u00e4yt\u00e4nn\u00f6n kokemuksen esimerkiksi ensihoidosta, akuuttihoidosta sek\u00e4 tehohoidosta.<\/p><p class=\"has-text-align-center\">Yrityksell\u00e4mme on ensiavun ja terveystiedon kouluttaja ETK<sup>\u00ae<\/sup> p\u00e4tevyys, jonka ansiosta koulutuksen ostanut yritys on oikeutettu saamaan koulutuksesta 60 %:n Kela-korvauksen.<\/p><p class=\"has-text-align-center\">K\u00e4yt\u00e4mme ensiapukoulutuksissamme pakohuonepelimenetelm\u00e4\u00e4, jonka ansiosta koulutettuja asioita p\u00e4\u00e4see harjoittelemaan kiinnostavalla ja innostavalla tavalla. J\u00e4rjest\u00e4mme koulutuksemme asiakkaan tiloissa ja se r\u00e4\u00e4t\u00e4l\u00f6id\u00e4\u00e4n teid\u00e4n tarpeiden mukaan.<\/p>\t\t\t\t\t\t<\/div>\n\t\t\t\t<\/div>\n\t\t\t\t<\/div>\n\t\t<div class=\"elementor-element elementor-element-6f7a1b4 e-con-full e-flex e-con e-child\" data-id=\"6f7a1b4\" data-element_type=\"container\">\n\t\t\t\t<div class=\"elementor-element elementor-element-0f6e618 elementor-button-info elementor-align-center elementor-widget elementor-widget-button\" data-id=\"0f6e618\" data-element_type=\"widget\" data-widget_type=\"button.default\">\n\t\t\t\t<div class=\"elementor-widget-container\">\n\t\t\t\t\t\t\t<div class=\"elementor-button-wrapper\">\n\t\t\t\t\t<a class=\"elementor-button elementor-button-link elementor-size-sm\" href=\"https:\/\/somanest.fi\/index.php\/yhteystiedot\/\">\n\t\t\t\t\t\t<span class=\"elementor-button-content-wrapper\">\n\t\t\t\t\t\t\t\t\t<span class=\"elementor-button-text\">Pyyd\u00e4 rohkeasti tarjous<\/span>\n\t\t\t\t\t<\/span>\n\t\t\t\t\t<\/a>\n\t\t\t\t<\/div>\n\t\t\t\t\t\t<\/div>\n\t\t\t\t<\/div>\n\t\t\t\t<\/div>\n\t\t<div class=\"elementor-element elementor-element-24a8d14 e-con-full e-flex e-con e-child\" data-id=\"24a8d14\" data-element_type=\"container\">\n\t\t\t\t<div class=\"elementor-element elementor-element-9e35b28 elementor-widget elementor-widget-image\" data-id=\"9e35b28\" data-element_type=\"widget\" data-widget_type=\"image.default\">\n\t\t\t\t<div class=\"elementor-widget-container\">\n\t\t\t\t\t\t\t\t\t\t\t\t\t<img fetchpriority=\"high\" decoding=\"async\" width=\"1024\" height=\"899\" src=\"https:\/\/somanest.fi\/wp-content\/uploads\/2025\/11\/Ensiapu1-1024x899.jpg\" class=\"attachment-large size-large wp-image-287\" alt=\"\" srcset=\"https:\/\/somanest.fi\/wp-content\/uploads\/2025\/11\/Ensiapu1-1024x899.jpg 1024w, https:\/\/somanest.fi\/wp-content\/uploads\/2025\/11\/Ensiapu1-300x263.jpg 300w, https:\/\/somanest.fi\/wp-content\/uploads\/2025\/11\/Ensiapu1-768x674.jpg 768w, https:\/\/somanest.fi\/wp-content\/uploads\/2025\/11\/Ensiapu1-1536x1349.jpg 1536w, https:\/\/somanest.fi\/wp-content\/uploads\/2025\/11\/Ensiapu1-2048x1798.jpg 2048w\" sizes=\"(max-width: 1024px) 100vw, 1024px\" \/>\t\t\t\t\t\t\t\t\t\t\t\t\t<\/div>\n\t\t\t\t<\/div>\n\t\t\t\t<div class=\"elementor-element elementor-element-8b157f2 elementor-widget elementor-widget-image\" data-id=\"8b157f2\" data-element_type=\"widget\" data-widget_type=\"image.default\">\n\t\t\t\t<div class=\"elementor-widget-container\">\n\t\t\t\t\t\t\t\t\t\t\t\t\t<img decoding=\"async\" width=\"1024\" height=\"683\" src=\"https:\/\/somanest.fi\/wp-content\/uploads\/2025\/11\/ensiapu2-1024x683.jpg\" class=\"attachment-large size-large wp-image-288\" alt=\"\" srcset=\"https:\/\/somanest.fi\/wp-content\/uploads\/2025\/11\/ensiapu2-1024x683.jpg 1024w, https:\/\/somanest.fi\/wp-content\/uploads\/2025\/11\/ensiapu2-300x200.jpg 300w, https:\/\/somanest.fi\/wp-content\/uploads\/2025\/11\/ensiapu2-768x512.jpg 768w, https:\/\/somanest.fi\/wp-content\/uploads\/2025\/11\/ensiapu2-1536x1024.jpg 1536w, https:\/\/somanest.fi\/wp-content\/uploads\/2025\/11\/ensiapu2-2048x1365.jpg 2048w\" sizes=\"(max-width: 1024px) 100vw, 1024px\" \/>\t\t\t\t\t\t\t\t\t\t\t\t\t<\/div>\n\t\t\t\t<\/div>\n\t\t\t\t<\/div>\n\t\t\t\t\t<\/div>\n\t\t\t\t<\/div>\n\t\t\t\t<\/div>\n\t\t","protected":false},"excerpt":{"rendered":"<p>Ensiapukoulutukset \u00a0 Tarjoamme ensiapukoulutuksia yrityksille, yhteis\u00f6ille sek\u00e4 yksityishenkil\u00f6ille. Ensiapukoulutuksia vet\u00e4v\u00e4t alan kokeneet ammattilaiset, jotka omaavat laajan k\u00e4yt\u00e4nn\u00f6n kokemuksen esimerkiksi ensihoidosta, akuuttihoidosta sek\u00e4 tehohoidosta. Yrityksell\u00e4mme on ensiavun ja terveystiedon kouluttaja ETK\u00ae p\u00e4tevyys, jonka ansiosta koulutuksen ostanut yritys on oikeutettu saamaan koulutuksesta 60 %:n Kela-korvauksen. K\u00e4yt\u00e4mme ensiapukoulutuksissamme pakohuonepelimenetelm\u00e4\u00e4, jonka ansiosta koulutettuja asioita p\u00e4\u00e4see harjoittelemaan kiinnostavalla ja innostavalla [&hellip;]<\/p>\n","protected":false},"author":2,"featured_media":0,"parent":0,"menu_order":2,"comment_status":"closed","ping_status":"closed","template":"","meta":{"footnotes":""},"class_list":["post-156","page","type-page","status-publish","hentry"],"_links":{"self":[{"href":"https:\/\/somanest.fi\/index.php\/wp-json\/wp\/v2\/pages\/156","targetHints":{"allow":["GET"]}}],"collection":[{"href":"https:\/\/somanest.fi\/index.php\/wp-json\/wp\/v2\/pages"}],"about":[{"href":"https:\/\/somanest.fi\/index.php\/wp-json\/wp\/v2\/types\/page"}],"author":[{"embeddable":true,"href":"https:\/\/somanest.fi\/index.php\/wp-json\/wp\/v2\/users\/2"}],"replies":[{"embeddable":true,"href":"https:\/\/somanest.fi\/index.php\/wp-json\/wp\/v2\/comments?post=156"}],"version-history":[{"count":29,"href":"https:\/\/somanest.fi\/index.php\/wp-json\/wp\/v2\/pages\/156\/revisions"}],"predecessor-version":[{"id":344,"href":"https:\/\/somanest.fi\/index.php\/wp-json\/wp\/v2\/pages\/156\/revisions\/344"}],"wp:attachment":[{"href":"https:\/\/somanest.fi\/index.php\/wp-json\/wp\/v2\/media?parent=156"}],"curies":[{"name":"wp","href":"https:\/\/api.w.org\/{rel}","templated":true}]}}