{"id":151,"date":"2024-11-03T14:37:08","date_gmt":"2024-11-03T14:37:08","guid":{"rendered":"https:\/\/somanest.fi\/?page_id=151"},"modified":"2025-12-06T14:39:57","modified_gmt":"2025-12-06T14:39:57","slug":"somakoti","status":"publish","type":"page","link":"https:\/\/somanest.fi\/index.php\/somakoti\/","title":{"rendered":"Kotiin viet\u00e4v\u00e4t palvelut"},"content":{"rendered":"\t\t<div data-elementor-type=\"wp-page\" data-elementor-id=\"151\" class=\"elementor elementor-151\" data-elementor-post-type=\"page\">\n\t\t\t\t<div class=\"elementor-element elementor-element-394469a e-flex e-con-boxed e-con e-parent\" data-id=\"394469a\" data-element_type=\"container\">\n\t\t\t\t\t<div class=\"e-con-inner\">\n\t\t\t\t<div class=\"elementor-element elementor-element-85780e3 elementor-widget elementor-widget-text-editor\" data-id=\"85780e3\" data-element_type=\"widget\" data-widget_type=\"text-editor.default\">\n\t\t\t\t<div class=\"elementor-widget-container\">\n\t\t\t\t\t\t\t<h1 class=\"wp-block-heading has-text-align-center has-x-large-font-size\">Kotiin viet\u00e4v\u00e4t palvelut<\/h1>\n<p><!-- \/wp:heading --><!-- wp:spacer {\"height\":\"1.25rem\"} --><\/p>\n<div class=\"wp-block-spacer\" aria-hidden=\"true\">\u00a0<\/div>\n<p><!-- \/wp:spacer --><!-- wp:paragraph {\"align\":\"center\"} --><\/p>\n<p class=\"has-text-align-center\">Somanest tarjoaa korkealaatuisia kotiinviet\u00e4vi\u00e4 palveluita, joiden tarkoituksena on tukea asiakkaan hyvinvointia ja helpottaa arkea. Meille t\u00e4rkeit\u00e4 arvoja ovat kiireett\u00f6myys ja asiakkaan toiveiden kuunteleminen. Asiakasl\u00e4ht\u00f6isyys ja kiireet\u00f6n kohtaaminen ovatkin toimintamme kulmakivi\u00e4 mink\u00e4 vuoksi emme tarjoa olleenkaan lyhyit\u00e4 asiakask\u00e4yntej\u00e4.<\/p>\n<p class=\"has-text-align-center\">Tunnin k\u00e4ynti on meill\u00e4 minimi, jotta kiireett\u00f6myys s\u00e4ilyy. Olipa tarpeesi sitten kotihoitoa, seuranpitoa, kodin siivousta, l\u00e4\u00e4kkeenjakamista, pieni\u00e4 sairaanhoidollisia teht\u00e4vi\u00e4 tai arjen askareiden apua, olemme varmistamassa, ett\u00e4 saat juuri sit\u00e4 palvelua, mit\u00e4 sin\u00e4 tai l\u00e4heisesi tarvitsette. Ihmiselt\u00e4 ihmiselle. R\u00e4\u00e4t\u00e4l\u00f6imme jokaisen asiakkaan kohdalla palvelut yksil\u00f6llisesti.<\/p>\t\t\t\t\t\t<\/div>\n\t\t\t\t<\/div>\n\t\t\t\t<div class=\"elementor-element elementor-element-a04ab1a elementor-widget elementor-widget-image\" data-id=\"a04ab1a\" data-element_type=\"widget\" data-widget_type=\"image.default\">\n\t\t\t\t<div class=\"elementor-widget-container\">\n\t\t\t\t\t\t\t\t\t\t\t\t\t<img fetchpriority=\"high\" decoding=\"async\" width=\"1024\" height=\"805\" src=\"https:\/\/somanest.fi\/wp-content\/uploads\/2025\/12\/Takkikuva-1024x805.jpg\" class=\"attachment-large size-large wp-image-369\" alt=\"\" srcset=\"https:\/\/somanest.fi\/wp-content\/uploads\/2025\/12\/Takkikuva-1024x805.jpg 1024w, https:\/\/somanest.fi\/wp-content\/uploads\/2025\/12\/Takkikuva-300x236.jpg 300w, https:\/\/somanest.fi\/wp-content\/uploads\/2025\/12\/Takkikuva-768x604.jpg 768w, https:\/\/somanest.fi\/wp-content\/uploads\/2025\/12\/Takkikuva-1536x1207.jpg 1536w, https:\/\/somanest.fi\/wp-content\/uploads\/2025\/12\/Takkikuva-2048x1609.jpg 2048w\" sizes=\"(max-width: 1024px) 100vw, 1024px\" \/>\t\t\t\t\t\t\t\t\t\t\t\t\t<\/div>\n\t\t\t\t<\/div>\n\t\t\t\t<div class=\"elementor-element elementor-element-3352a26 elementor-widget elementor-widget-text-editor\" data-id=\"3352a26\" data-element_type=\"widget\" data-widget_type=\"text-editor.default\">\n\t\t\t\t<div class=\"elementor-widget-container\">\n\t\t\t\t\t\t\t<h3>Kotihoidon ja kotisairaanhoidon hinnasto<\/h3>\t\t\t\t\t\t<\/div>\n\t\t\t\t<\/div>\n\t\t\t\t<div class=\"elementor-element elementor-element-39f1516 elementor-widget elementor-widget-Table\" data-id=\"39f1516\" data-element_type=\"widget\" data-widget_type=\"Table.default\">\n\t\t\t\t<div class=\"elementor-widget-container\">\n\t\t\t\t\t<table class=\"tafe-table \">\n\t\t\t<thead  class=\"tafe-table-header\">\n\t\t\t\t<tr>\n\t\t\t\t\t<th class=\"elementor-inline-editing elementor-repeater-item-6786a2b\"   >Viikonp\u00e4iv\u00e4<\/th><th class=\"elementor-inline-editing elementor-repeater-item-bca3a42\"   >\u20ac\/h<\/th>\t\t\t\t<\/tr>\n\t\t\t<\/thead>\n\t\t\t\t\t\t<tbody class=\"tafe-table-body\">\n\t\t\t\t<tr>\n\t\t\t\t\t<td data-label=\"Viikonp\u00e4iv\u00e4\"   class=\"elementor-repeater-item-8371b57 td-content-type-default\" >Maanantai - perjantai<\/td><td data-label=\"\u20ac\/h\"   class=\"elementor-repeater-item-b6bd50d td-content-type-default\" >55<\/td><\/tr><tr><td data-label=\"Viikonp\u00e4iv\u00e4\"   class=\"elementor-repeater-item-2c29be9 td-content-type-default\" >Lauantai<\/td><td data-label=\"\u20ac\/h\"   class=\"elementor-repeater-item-9c4416a td-content-type-default\" >65<\/td><\/tr><tr><td data-label=\"Viikonp\u00e4iv\u00e4\"   class=\"elementor-repeater-item-bdf1ef0 td-content-type-default\" >Sunnuntai<\/td><td data-label=\"\u20ac\/h\"   class=\"elementor-repeater-item-f4ed790 td-content-type-default\" >75<\/td>\t\t\t\t<\/tr>\n\t\t\t<\/tbody>\n\t\t<\/table>\n\t\t\n\t\t\t\t<\/div>\n\t\t\t\t<\/div>\n\t\t\t\t\t<\/div>\n\t\t\t\t<\/div>\n\t\t<div class=\"elementor-element elementor-element-c0277ec e-flex e-con-boxed e-con e-parent\" data-id=\"c0277ec\" data-element_type=\"container\">\n\t\t\t\t\t<div class=\"e-con-inner\">\n\t\t\t\t<div class=\"elementor-element elementor-element-cc7d782 elementor-widget elementor-widget-text-editor\" data-id=\"cc7d782\" data-element_type=\"widget\" data-widget_type=\"text-editor.default\">\n\t\t\t\t<div class=\"elementor-widget-container\">\n\t\t\t\t\t\t\t<p>Kiireett\u00f6myyden varmistamiseksi k\u00e4ynnin v\u00e4himm\u00e4iskesto on 1 tunti.<\/p>\n<p>Olemme sosiaalipalveluiden tuottajarekisteriss\u00e4, joka antaa meille oikeuden tehd\u00e4 asiakkaillemme sosiaalihuollon kirjallisen palvelusuunnitelman ja my\u00f6nt\u00e4\u00e4 palveluille arvolis\u00e4verottoman hinnan.\u00a0 Teemme toimintakykyarvion yhdess\u00e4 kanssasi maksuttomassa palvelukartoituksessamme. Toimintakykyarvioon ei tarvita l\u00e4\u00e4k\u00e4rintodistusta.<\/p>\n<p>Palveluistamme on mahdollista saada kotitalousv\u00e4hennyst\u00e4. Voit hy\u00f6dynt\u00e4\u00e4 kotitalousv\u00e4hennyst\u00e4\u00a0 henkil\u00f6kohtaisessa verotuksessa joko itselle ostetuista palveluista tai jos ostat palveluitamme l\u00e4heisellesi, kuten vanhemmillesi, isovanhemmille tai puolisosi vanhemmille tai isovanhemmille.\u00a0<\/p>\n<p>Voit tutustua tarkemmin kotitalousv\u00e4hennykseen <a href=\"https:\/\/www.vero.fi\/henkiloasiakkaat\/vahennykset\/kotitalousvahennys\/\">Verottajan sivuilla.\u00a0<\/a><\/p>\t\t\t\t\t\t<\/div>\n\t\t\t\t<\/div>\n\t\t\t\t<div class=\"elementor-element elementor-element-84ae87d elementor-widget elementor-widget-text-editor\" data-id=\"84ae87d\" data-element_type=\"widget\" data-widget_type=\"text-editor.default\">\n\t\t\t\t<div class=\"elementor-widget-container\">\n\t\t\t\t\t\t\t<p>Kotiin viet\u00e4vien palveluiden hintaan lis\u00e4t\u00e4\u00e4n matkakorvaus 0,59 \u20ac\/km (Alv. 0 %). Matkakorvauksen m\u00e4\u00e4r\u00e4 lasketaan yrityksen osoitteesta (Sompionkuja 7, Lahti) asiakkaan osoitteeseen. Voit laskea matkakorvauksen suuruuden sy\u00f6tt\u00e4m\u00e4ll\u00e4 kotiosoitteesi alla olevaan kentt\u00e4\u00e4n ja painamalla &#8220;laske korvaus&#8221;.\u00a0<\/p>\t\t\t\t\t\t<\/div>\n\t\t\t\t<\/div>\n\t\t\t\t<div class=\"elementor-element elementor-element-fa4bf1b elementor-widget elementor-widget-html\" data-id=\"fa4bf1b\" data-element_type=\"widget\" data-widget_type=\"html.default\">\n\t\t\t\t<div class=\"elementor-widget-container\">\n\t\t\t<div>\n  <label for=\"address\">Sy\u00f6t\u00e4 kotiosoitteesi:<\/label>\n  <input type=\"text\" id=\"address\" placeholder=\"Esim. Aleksanterinkatu 27, 15140 Lahti\" style=\"width:100%; padding:8px;\">\n  <ul id=\"suggestions\" style=\"list-style:none; padding:0; margin:5px 0;\"><\/ul>\n  <button id=\"calculate\" style=\"margin-top:10px;\">Laske korvaus<\/button>\n  <div id=\"result\" style=\"margin-top:15px; font-weight:bold;\"><\/div>\n<\/div>\n\n<script>\n  const origin = \"Sompionkuja 7, 15830 Lahti\"; \/\/ Yrityksen osoite\n  const korvausPerKm = 0.59; \/\/ \u20ac\/km\n\n  \/\/ Autocomplete Photon API:lla\n  document.getElementById('address').addEventListener('input', async function() {\n    const query = this.value;\n    const suggestionsList = document.getElementById('suggestions');\n    suggestionsList.innerHTML = '';\n    if (query.length < 3) return;\n\n    const response = await fetch(`https:\/\/photon.komoot.io\/api\/?q=${encodeURIComponent(query)}&lang=fi`);\n    const data = await response.json();\n\n    data.features.slice(0, 5).forEach(feature => {\n      const li = document.createElement('li');\n      li.textContent = feature.properties.name + (feature.properties.city ? ', ' + feature.properties.city : '');\n      li.style.cursor = 'pointer';\n      li.style.padding = '5px';\n      li.addEventListener('click', () => {\n        document.getElementById('address').value = li.textContent;\n        suggestionsList.innerHTML = '';\n      });\n      suggestionsList.appendChild(li);\n    });\n  });\n\n  async function getCoordinates(address) {\n    const response = await fetch(`https:\/\/nominatim.openstreetmap.org\/search?format=json&q=${encodeURIComponent(address)}`);\n    const data = await response.json();\n    if (data.length === 0) throw new Error(\"Osoitetta ei l\u00f6ytynyt\");\n    return { lat: data[0].lat, lon: data[0].lon };\n  }\n\n  async function calculateDistance(originCoords, destCoords) {\n    const url = `https:\/\/router.project-osrm.org\/route\/v1\/driving\/${originCoords.lon},${originCoords.lat};${destCoords.lon},${destCoords.lat}?overview=false`;\n    const response = await fetch(url);\n    const data = await response.json();\n    if (!data.routes || data.routes.length === 0) throw new Error(\"Reitti\u00e4 ei l\u00f6ytynyt\");\n    return data.routes[0].distance \/ 1000; \/\/ km\n  }\n\n  document.getElementById(\"calculate\").addEventListener(\"click\", async function() {\n    const destination = document.getElementById(\"address\").value;\n    if (!destination) {\n      alert(\"Sy\u00f6t\u00e4 osoite!\");\n      return;\n    }\n\n    try {\n      const originCoords = await getCoordinates(origin);\n      const destCoords = await getCoordinates(destination);\n      const distanceKm = await calculateDistance(originCoords, destCoords);\n\n      \/\/ Py\u00f6ristet\u00e4\u00e4n yl\u00f6sp\u00e4in kokonaiskilometreihin\n      const roundedDistance = Math.ceil(distanceKm);\n      const korvaus = roundedDistance * korvausPerKm;\n\n      document.getElementById(\"result\").innerText = `Et\u00e4isyys: ${roundedDistance} km | Korvaus: ${korvaus.toFixed(2)} \u20ac`;\n    } catch (error) {\n      document.getElementById(\"result\").innerText = \"Virhe: \" + error.message;\n    }\n  });\n<\/script>\t\t<\/div>\n\t\t\t\t<\/div>\n\t\t\t\t<div class=\"elementor-element elementor-element-a766a3b elementor-widget elementor-widget-image\" data-id=\"a766a3b\" data-element_type=\"widget\" data-widget_type=\"image.default\">\n\t\t\t\t<div class=\"elementor-widget-container\">\n\t\t\t\t\t\t\t\t\t\t\t\t\t<img decoding=\"async\" width=\"1024\" height=\"813\" src=\"https:\/\/somanest.fi\/wp-content\/uploads\/2025\/12\/IMG_7181-1024x813.jpg\" class=\"attachment-large size-large wp-image-370\" alt=\"\" srcset=\"https:\/\/somanest.fi\/wp-content\/uploads\/2025\/12\/IMG_7181-1024x813.jpg 1024w, https:\/\/somanest.fi\/wp-content\/uploads\/2025\/12\/IMG_7181-300x238.jpg 300w, https:\/\/somanest.fi\/wp-content\/uploads\/2025\/12\/IMG_7181-768x610.jpg 768w, https:\/\/somanest.fi\/wp-content\/uploads\/2025\/12\/IMG_7181-1536x1219.jpg 1536w, https:\/\/somanest.fi\/wp-content\/uploads\/2025\/12\/IMG_7181-2048x1626.jpg 2048w\" sizes=\"(max-width: 1024px) 100vw, 1024px\" \/>\t\t\t\t\t\t\t\t\t\t\t\t\t<\/div>\n\t\t\t\t<\/div>\n\t\t\t\t<div class=\"elementor-element elementor-element-a78faf5 elementor-align-center elementor-widget elementor-widget-button\" data-id=\"a78faf5\" data-element_type=\"widget\" data-widget_type=\"button.default\">\n\t\t\t\t<div class=\"elementor-widget-container\">\n\t\t\t\t\t\t\t<div class=\"elementor-button-wrapper\">\n\t\t\t\t\t<a class=\"elementor-button elementor-button-link elementor-size-sm\" href=\"https:\/\/somanest.fi\/index.php\/yhteystiedot\/\">\n\t\t\t\t\t\t<span class=\"elementor-button-content-wrapper\">\n\t\t\t\t\t\t\t\t\t<span class=\"elementor-button-text\">Ota yhteytt\u00e4<\/span>\n\t\t\t\t\t<\/span>\n\t\t\t\t\t<\/a>\n\t\t\t\t<\/div>\n\t\t\t\t\t\t<\/div>\n\t\t\t\t<\/div>\n\t\t\t\t\t<\/div>\n\t\t\t\t<\/div>\n\t\t<div class=\"elementor-element elementor-element-059fb96 e-flex e-con-boxed e-con e-parent\" data-id=\"059fb96\" data-element_type=\"container\">\n\t\t\t\t\t<div class=\"e-con-inner\">\n\t\t\t\t<div class=\"elementor-element elementor-element-2b85d21 elementor-widget elementor-widget-text-editor\" data-id=\"2b85d21\" data-element_type=\"widget\" data-widget_type=\"text-editor.default\">\n\t\t\t\t<div class=\"elementor-widget-container\">\n\t\t\t\t\t\t\t<p>\u00a0<\/p>\n<p>\u00a0<\/p>\n<p><a href=\"https:\/\/somanest.fi\/wp-content\/uploads\/2025\/11\/Omavalvontasuunnitelma-paivitetty-Somanest.pdf\">Omavalvontasuunnitelma<\/a><\/p>\t\t\t\t\t\t<\/div>\n\t\t\t\t<\/div>\n\t\t\t\t\t<\/div>\n\t\t\t\t<\/div>\n\t\t\t\t<\/div>\n\t\t","protected":false},"excerpt":{"rendered":"<p>Kotiin viet\u00e4v\u00e4t palvelut \u00a0 Somanest tarjoaa korkealaatuisia kotiinviet\u00e4vi\u00e4 palveluita, joiden tarkoituksena on tukea asiakkaan hyvinvointia ja helpottaa arkea. Meille t\u00e4rkeit\u00e4 arvoja ovat kiireett\u00f6myys ja asiakkaan toiveiden kuunteleminen. Asiakasl\u00e4ht\u00f6isyys ja kiireet\u00f6n kohtaaminen ovatkin toimintamme kulmakivi\u00e4 mink\u00e4 vuoksi emme tarjoa olleenkaan lyhyit\u00e4 asiakask\u00e4yntej\u00e4. Tunnin k\u00e4ynti on meill\u00e4 minimi, jotta kiireett\u00f6myys s\u00e4ilyy. Olipa tarpeesi sitten kotihoitoa, seuranpitoa, kodin [&hellip;]<\/p>\n","protected":false},"author":2,"featured_media":0,"parent":0,"menu_order":3,"comment_status":"closed","ping_status":"closed","template":"","meta":{"footnotes":""},"class_list":["post-151","page","type-page","status-publish","hentry"],"_links":{"self":[{"href":"https:\/\/somanest.fi\/index.php\/wp-json\/wp\/v2\/pages\/151","targetHints":{"allow":["GET"]}}],"collection":[{"href":"https:\/\/somanest.fi\/index.php\/wp-json\/wp\/v2\/pages"}],"about":[{"href":"https:\/\/somanest.fi\/index.php\/wp-json\/wp\/v2\/types\/page"}],"author":[{"embeddable":true,"href":"https:\/\/somanest.fi\/index.php\/wp-json\/wp\/v2\/users\/2"}],"replies":[{"embeddable":true,"href":"https:\/\/somanest.fi\/index.php\/wp-json\/wp\/v2\/comments?post=151"}],"version-history":[{"count":52,"href":"https:\/\/somanest.fi\/index.php\/wp-json\/wp\/v2\/pages\/151\/revisions"}],"predecessor-version":[{"id":373,"href":"https:\/\/somanest.fi\/index.php\/wp-json\/wp\/v2\/pages\/151\/revisions\/373"}],"wp:attachment":[{"href":"https:\/\/somanest.fi\/index.php\/wp-json\/wp\/v2\/media?parent=151"}],"curies":[{"name":"wp","href":"https:\/\/api.w.org\/{rel}","templated":true}]}}