{"id":145,"date":"2024-11-03T14:37:15","date_gmt":"2024-11-03T14:37:15","guid":{"rendered":"https:\/\/somanest.fi\/?page_id=145"},"modified":"2025-04-28T17:36:05","modified_gmt":"2025-04-28T17:36:05","slug":"somanest-kodit","status":"publish","type":"page","link":"https:\/\/somanest.fi\/index.php\/somanest-kodit\/","title":{"rendered":"Somanest kodit"},"content":{"rendered":"\t\t<div data-elementor-type=\"wp-page\" data-elementor-id=\"145\" class=\"elementor elementor-145\" data-elementor-post-type=\"page\">\n\t\t\t\t<div class=\"elementor-element elementor-element-20e77ab8 e-flex e-con-boxed e-con e-parent\" data-id=\"20e77ab8\" data-element_type=\"container\">\n\t\t\t\t\t<div class=\"e-con-inner\">\n\t\t<div class=\"elementor-element elementor-element-6b47783 e-con-full e-flex e-con e-child\" data-id=\"6b47783\" data-element_type=\"container\">\n\t\t\t\t<div class=\"elementor-element elementor-element-32c03aa elementor-widget elementor-widget-text-editor\" data-id=\"32c03aa\" data-element_type=\"widget\" data-widget_type=\"text-editor.default\">\n\t\t\t\t<div class=\"elementor-widget-container\">\n\t\t\t\t\t\t\t<div class=\"wp-block-group alignfull\">\n<div class=\"wp-block-group\">\n<h1 class=\"wp-block-heading has-text-align-center has-x-large-font-size\">Somanest kodit<\/h1>\n<h5><strong>Olemme saaneet valmiiksi kaksi viihtyis\u00e4\u00e4 keskusta-asuntoa Lahden torin kupeeseen. Asuntojen vuokraaminen tapahtuu AirBnB:n kautta. <br \/><\/strong><\/h5>\n<p><!-- \/wp:heading --><!-- wp:spacer {\"height\":\"1.25rem\"} --><!-- \/wp:spacer --><!-- wp:paragraph {\"align\":\"center\"} --><\/p>\n<p class=\"has-text-align-center\">Somanestin kodit tarjoavat hetken heng\u00e4hdyksen arjessa ja pient\u00e4 luksusta el\u00e4m\u00e4\u00e4n. Asunnot on juuri remontoitu tyylikk\u00e4in ja laadukkain materiaalein ja sijaitsevat keskeisell\u00e4 paikalla Lahden keskustassa, hyvien kulkuyhteyksien ja palveluiden \u00e4\u00e4ress\u00e4. Haluamme tarjota arjen luksusta jokaiselle vieraallemme. Olipa vierailusi lyhyt tai pidempi, varmistamme, ett\u00e4 oleskelusi kodeissamme on aina onnistunut. Laadukasta asumista ty\u00f6matkalla, tyylik\u00e4s pieni koti ty\u00f6harjoittelun ajaksi, muutama y\u00f6 tai pidempi majoitus \u2013 kysy rohkeasti tarjousta my\u00f6s pidemm\u00e4st\u00e4 viipymisest\u00e4.<\/p>\n<p class=\"has-text-align-center\">Meille on t\u00e4rke\u00e4\u00e4, ett\u00e4 viihdyt vieraanamme!<\/p>\n<p><!-- \/wp:paragraph --><!-- wp:spacer {\"height\":\"1.25rem\"} --><\/p>\n<\/div>\n<\/div>\n<div class=\"wp-block-group alignfull\">\n<div class=\"wp-block-group alignwide has-base-2-background-color has-background\">\n<div class=\"wp-block-buttons\">\n<div class=\"wp-block-button\">\u00a0<\/div>\n<p><!-- \/wp:button --><\/p>\n<\/div>\n<p><!-- \/wp:buttons --><!-- wp:spacer {\"height\":\"var:preset|spacing|10\"} --><\/p>\n<div class=\"wp-block-spacer\" aria-hidden=\"true\">\u00a0<\/div>\n<\/div>\n<\/div>\t\t\t\t\t\t<\/div>\n\t\t\t\t<\/div>\n\t\t\t\t<\/div>\n\t\t\t\t\t<\/div>\n\t\t\t\t<\/div>\n\t\t<div class=\"elementor-element elementor-element-ffcf821 e-flex e-con-boxed e-con e-parent\" data-id=\"ffcf821\" data-element_type=\"container\">\n\t\t\t\t\t<div class=\"e-con-inner\">\n\t\t\t\t<div class=\"elementor-element elementor-element-a3eec4d elementor-widget elementor-widget-heading\" data-id=\"a3eec4d\" data-element_type=\"widget\" data-widget_type=\"heading.default\">\n\t\t\t\t<div class=\"elementor-widget-container\">\n\t\t\t<h2 class=\"elementor-heading-title elementor-size-default\"><a href=\"https:\/\/www.airbnb.fi\/rooms\/1359535655949573408?check_in=2025-05-01&#038;check_out=2025-05-06&#038;guests=1&#038;adults=1&#038;s=67&#038;unique_share_id=d59cf1b0-1ec8-4cd2-8999-ba002ae0f33d\">Green -  Katso AirBnB:ss\u00e4<\/a><\/h2>\t\t<\/div>\n\t\t\t\t<\/div>\n\t\t\t\t<div class=\"elementor-element elementor-element-3735465 elementor-widget elementor-widget-gallery\" data-id=\"3735465\" data-element_type=\"widget\" data-settings=\"{&quot;columns&quot;:2,&quot;lazyload&quot;:&quot;yes&quot;,&quot;gallery_layout&quot;:&quot;grid&quot;,&quot;columns_tablet&quot;:2,&quot;columns_mobile&quot;:1,&quot;gap&quot;:{&quot;unit&quot;:&quot;px&quot;,&quot;size&quot;:10,&quot;sizes&quot;:[]},&quot;gap_tablet&quot;:{&quot;unit&quot;:&quot;px&quot;,&quot;size&quot;:10,&quot;sizes&quot;:[]},&quot;gap_mobile&quot;:{&quot;unit&quot;:&quot;px&quot;,&quot;size&quot;:10,&quot;sizes&quot;:[]},&quot;link_to&quot;:&quot;file&quot;,&quot;aspect_ratio&quot;:&quot;3:2&quot;,&quot;overlay_background&quot;:&quot;yes&quot;,&quot;content_hover_animation&quot;:&quot;fade-in&quot;}\" data-widget_type=\"gallery.default\">\n\t\t\t\t<div class=\"elementor-widget-container\">\n\t\t\t\t\t<div class=\"elementor-gallery__container\">\n\t\t\t\t\t\t\t<a class=\"e-gallery-item elementor-gallery-item elementor-animated-content\" href=\"https:\/\/somanest.fi\/wp-content\/uploads\/2025\/04\/76a6b2af-d4d2-4124-94b5-6efaaecd9a8c-scaled.jpeg\" data-elementor-open-lightbox=\"yes\" data-elementor-lightbox-slideshow=\"3735465\" data-elementor-lightbox-title=\"76a6b2af-d4d2-4124-94b5-6efaaecd9a8c\" data-e-action-hash=\"#elementor-action%3Aaction%3Dlightbox%26settings%3DeyJpZCI6MjYwLCJ1cmwiOiJodHRwczpcL1wvc29tYW5lc3QuZmlcL3dwLWNvbnRlbnRcL3VwbG9hZHNcLzIwMjVcLzA0XC83NmE2YjJhZi1kNGQyLTQxMjQtOTRiNS02ZWZhYWVjZDlhOGMtc2NhbGVkLmpwZWciLCJzbGlkZXNob3ciOiIzNzM1NDY1In0%3D\">\n\t\t\t\t\t<div class=\"e-gallery-image elementor-gallery-item__image\" data-thumbnail=\"https:\/\/somanest.fi\/wp-content\/uploads\/2025\/04\/76a6b2af-d4d2-4124-94b5-6efaaecd9a8c-462x1024.jpeg\" data-width=\"462\" data-height=\"1024\" aria-label=\"\" role=\"img\" ><\/div>\n\t\t\t\t\t\t\t\t\t\t\t<div class=\"elementor-gallery-item__overlay\"><\/div>\n\t\t\t\t\t\t\t\t\t\t\t\t\t\t<\/a>\n\t\t\t\t\t\t\t<a class=\"e-gallery-item elementor-gallery-item elementor-animated-content\" href=\"https:\/\/somanest.fi\/wp-content\/uploads\/2025\/04\/591f7204-d707-4acb-8b5a-d3a0b62bba81-scaled.jpeg\" data-elementor-open-lightbox=\"yes\" data-elementor-lightbox-slideshow=\"3735465\" data-elementor-lightbox-title=\"591f7204-d707-4acb-8b5a-d3a0b62bba81\" data-e-action-hash=\"#elementor-action%3Aaction%3Dlightbox%26settings%3DeyJpZCI6MjYxLCJ1cmwiOiJodHRwczpcL1wvc29tYW5lc3QuZmlcL3dwLWNvbnRlbnRcL3VwbG9hZHNcLzIwMjVcLzA0XC81OTFmNzIwNC1kNzA3LTRhY2ItOGI1YS1kM2EwYjYyYmJhODEtc2NhbGVkLmpwZWciLCJzbGlkZXNob3ciOiIzNzM1NDY1In0%3D\">\n\t\t\t\t\t<div class=\"e-gallery-image elementor-gallery-item__image\" data-thumbnail=\"https:\/\/somanest.fi\/wp-content\/uploads\/2025\/04\/591f7204-d707-4acb-8b5a-d3a0b62bba81-462x1024.jpeg\" data-width=\"462\" data-height=\"1024\" aria-label=\"\" role=\"img\" ><\/div>\n\t\t\t\t\t\t\t\t\t\t\t<div class=\"elementor-gallery-item__overlay\"><\/div>\n\t\t\t\t\t\t\t\t\t\t\t\t\t\t<\/a>\n\t\t\t\t\t\t\t<a class=\"e-gallery-item elementor-gallery-item elementor-animated-content\" href=\"https:\/\/somanest.fi\/wp-content\/uploads\/2025\/04\/36a54eea-47f2-4894-8c6d-f9814dd506ac.jpeg\" data-elementor-open-lightbox=\"yes\" data-elementor-lightbox-slideshow=\"3735465\" data-elementor-lightbox-title=\"36a54eea-47f2-4894-8c6d-f9814dd506ac\" data-e-action-hash=\"#elementor-action%3Aaction%3Dlightbox%26settings%3DeyJpZCI6MjYyLCJ1cmwiOiJodHRwczpcL1wvc29tYW5lc3QuZmlcL3dwLWNvbnRlbnRcL3VwbG9hZHNcLzIwMjVcLzA0XC8zNmE1NGVlYS00N2YyLTQ4OTQtOGM2ZC1mOTgxNGRkNTA2YWMuanBlZyIsInNsaWRlc2hvdyI6IjM3MzU0NjUifQ%3D%3D\">\n\t\t\t\t\t<div class=\"e-gallery-image elementor-gallery-item__image\" data-thumbnail=\"https:\/\/somanest.fi\/wp-content\/uploads\/2025\/04\/36a54eea-47f2-4894-8c6d-f9814dd506ac-1024x683.jpeg\" data-width=\"1024\" data-height=\"683\" aria-label=\"\" role=\"img\" ><\/div>\n\t\t\t\t\t\t\t\t\t\t\t<div class=\"elementor-gallery-item__overlay\"><\/div>\n\t\t\t\t\t\t\t\t\t\t\t\t\t\t<\/a>\n\t\t\t\t\t\t\t<a class=\"e-gallery-item elementor-gallery-item elementor-animated-content\" href=\"https:\/\/somanest.fi\/wp-content\/uploads\/2025\/04\/1864b3dc-bdf7-4551-a580-d99756835312.jpeg\" data-elementor-open-lightbox=\"yes\" data-elementor-lightbox-slideshow=\"3735465\" data-elementor-lightbox-title=\"1864b3dc-bdf7-4551-a580-d99756835312\" data-e-action-hash=\"#elementor-action%3Aaction%3Dlightbox%26settings%3DeyJpZCI6MjYzLCJ1cmwiOiJodHRwczpcL1wvc29tYW5lc3QuZmlcL3dwLWNvbnRlbnRcL3VwbG9hZHNcLzIwMjVcLzA0XC8xODY0YjNkYy1iZGY3LTQ1NTEtYTU4MC1kOTk3NTY4MzUzMTIuanBlZyIsInNsaWRlc2hvdyI6IjM3MzU0NjUifQ%3D%3D\">\n\t\t\t\t\t<div class=\"e-gallery-image elementor-gallery-item__image\" data-thumbnail=\"https:\/\/somanest.fi\/wp-content\/uploads\/2025\/04\/1864b3dc-bdf7-4551-a580-d99756835312-1024x683.jpeg\" data-width=\"1024\" data-height=\"683\" aria-label=\"\" role=\"img\" ><\/div>\n\t\t\t\t\t\t\t\t\t\t\t<div class=\"elementor-gallery-item__overlay\"><\/div>\n\t\t\t\t\t\t\t\t\t\t\t\t\t\t<\/a>\n\t\t\t\t\t<\/div>\n\t\t\t<\/div>\n\t\t\t\t<\/div>\n\t\t\t\t<div class=\"elementor-element elementor-element-b4f2ea2 elementor-widget elementor-widget-spacer\" data-id=\"b4f2ea2\" data-element_type=\"widget\" data-widget_type=\"spacer.default\">\n\t\t\t\t<div class=\"elementor-widget-container\">\n\t\t\t\t\t<div class=\"elementor-spacer\">\n\t\t\t<div class=\"elementor-spacer-inner\"><\/div>\n\t\t<\/div>\n\t\t\t\t<\/div>\n\t\t\t\t<\/div>\n\t\t\t\t\t<\/div>\n\t\t\t\t<\/div>\n\t\t<div class=\"elementor-element elementor-element-ec4fb8d e-flex e-con-boxed e-con e-parent\" data-id=\"ec4fb8d\" data-element_type=\"container\">\n\t\t\t\t\t<div class=\"e-con-inner\">\n\t\t\t\t<div class=\"elementor-element elementor-element-58e0197 elementor-widget elementor-widget-heading\" data-id=\"58e0197\" data-element_type=\"widget\" data-widget_type=\"heading.default\">\n\t\t\t\t<div class=\"elementor-widget-container\">\n\t\t\t<h2 class=\"elementor-heading-title elementor-size-default\"><a href=\"https:\/\/www.airbnb.fi\/rooms\/1375471047681026973?check_in=2025-05-01&#038;check_out=2025-05-06&#038;guests=1&#038;adults=1&#038;s=67&#038;unique_share_id=e1f4cd45-b4fb-4b9e-b565-362782c80d7e\">Blue -  Katso AirBnB:ss\u00e4<\/a><\/h2>\t\t<\/div>\n\t\t\t\t<\/div>\n\t\t\t\t<div class=\"elementor-element elementor-element-f7ebf52 elementor-widget elementor-widget-gallery\" data-id=\"f7ebf52\" data-element_type=\"widget\" data-settings=\"{&quot;columns&quot;:2,&quot;lazyload&quot;:&quot;yes&quot;,&quot;gallery_layout&quot;:&quot;grid&quot;,&quot;columns_tablet&quot;:2,&quot;columns_mobile&quot;:1,&quot;gap&quot;:{&quot;unit&quot;:&quot;px&quot;,&quot;size&quot;:10,&quot;sizes&quot;:[]},&quot;gap_tablet&quot;:{&quot;unit&quot;:&quot;px&quot;,&quot;size&quot;:10,&quot;sizes&quot;:[]},&quot;gap_mobile&quot;:{&quot;unit&quot;:&quot;px&quot;,&quot;size&quot;:10,&quot;sizes&quot;:[]},&quot;link_to&quot;:&quot;file&quot;,&quot;aspect_ratio&quot;:&quot;3:2&quot;,&quot;overlay_background&quot;:&quot;yes&quot;,&quot;content_hover_animation&quot;:&quot;fade-in&quot;}\" data-widget_type=\"gallery.default\">\n\t\t\t\t<div class=\"elementor-widget-container\">\n\t\t\t\t\t<div class=\"elementor-gallery__container\">\n\t\t\t\t\t\t\t<a class=\"e-gallery-item elementor-gallery-item elementor-animated-content\" href=\"https:\/\/somanest.fi\/wp-content\/uploads\/2025\/04\/vikki.jpeg\" data-elementor-open-lightbox=\"yes\" data-elementor-lightbox-slideshow=\"f7ebf52\" data-elementor-lightbox-title=\"vikki\" data-e-action-hash=\"#elementor-action%3Aaction%3Dlightbox%26settings%3DeyJpZCI6MjY0LCJ1cmwiOiJodHRwczpcL1wvc29tYW5lc3QuZmlcL3dwLWNvbnRlbnRcL3VwbG9hZHNcLzIwMjVcLzA0XC92aWtraS5qcGVnIiwic2xpZGVzaG93IjoiZjdlYmY1MiJ9\">\n\t\t\t\t\t<div class=\"e-gallery-image elementor-gallery-item__image\" data-thumbnail=\"https:\/\/somanest.fi\/wp-content\/uploads\/2025\/04\/vikki-683x1024.jpeg\" data-width=\"683\" data-height=\"1024\" aria-label=\"\" role=\"img\" ><\/div>\n\t\t\t\t\t\t\t\t\t\t\t<div class=\"elementor-gallery-item__overlay\"><\/div>\n\t\t\t\t\t\t\t\t\t\t\t\t\t\t<\/a>\n\t\t\t\t\t\t\t<a class=\"e-gallery-item elementor-gallery-item elementor-animated-content\" href=\"https:\/\/somanest.fi\/wp-content\/uploads\/2025\/04\/kolkki.jpeg\" data-elementor-open-lightbox=\"yes\" data-elementor-lightbox-slideshow=\"f7ebf52\" data-elementor-lightbox-title=\"kolkki\" data-e-action-hash=\"#elementor-action%3Aaction%3Dlightbox%26settings%3DeyJpZCI6MjY2LCJ1cmwiOiJodHRwczpcL1wvc29tYW5lc3QuZmlcL3dwLWNvbnRlbnRcL3VwbG9hZHNcLzIwMjVcLzA0XC9rb2xra2kuanBlZyIsInNsaWRlc2hvdyI6ImY3ZWJmNTIifQ%3D%3D\">\n\t\t\t\t\t<div class=\"e-gallery-image elementor-gallery-item__image\" data-thumbnail=\"https:\/\/somanest.fi\/wp-content\/uploads\/2025\/04\/kolkki-1024x768.jpeg\" data-width=\"1024\" data-height=\"768\" aria-label=\"\" role=\"img\" ><\/div>\n\t\t\t\t\t\t\t\t\t\t\t<div class=\"elementor-gallery-item__overlay\"><\/div>\n\t\t\t\t\t\t\t\t\t\t\t\t\t\t<\/a>\n\t\t\t\t\t\t\t<a class=\"e-gallery-item elementor-gallery-item elementor-animated-content\" href=\"https:\/\/somanest.fi\/wp-content\/uploads\/2025\/04\/toka.jpeg\" data-elementor-open-lightbox=\"yes\" data-elementor-lightbox-slideshow=\"f7ebf52\" data-elementor-lightbox-title=\"toka\" data-e-action-hash=\"#elementor-action%3Aaction%3Dlightbox%26settings%3DeyJpZCI6MjY3LCJ1cmwiOiJodHRwczpcL1wvc29tYW5lc3QuZmlcL3dwLWNvbnRlbnRcL3VwbG9hZHNcLzIwMjVcLzA0XC90b2thLmpwZWciLCJzbGlkZXNob3ciOiJmN2ViZjUyIn0%3D\">\n\t\t\t\t\t<div class=\"e-gallery-image elementor-gallery-item__image\" data-thumbnail=\"https:\/\/somanest.fi\/wp-content\/uploads\/2025\/04\/toka-1024x683.jpeg\" data-width=\"1024\" data-height=\"683\" aria-label=\"\" role=\"img\" ><\/div>\n\t\t\t\t\t\t\t\t\t\t\t<div class=\"elementor-gallery-item__overlay\"><\/div>\n\t\t\t\t\t\t\t\t\t\t\t\t\t\t<\/a>\n\t\t\t\t\t\t\t<a class=\"e-gallery-item elementor-gallery-item elementor-animated-content\" href=\"https:\/\/somanest.fi\/wp-content\/uploads\/2025\/04\/eka.jpeg\" data-elementor-open-lightbox=\"yes\" data-elementor-lightbox-slideshow=\"f7ebf52\" data-elementor-lightbox-title=\"eka\" data-e-action-hash=\"#elementor-action%3Aaction%3Dlightbox%26settings%3DeyJpZCI6MjY4LCJ1cmwiOiJodHRwczpcL1wvc29tYW5lc3QuZmlcL3dwLWNvbnRlbnRcL3VwbG9hZHNcLzIwMjVcLzA0XC9la2EuanBlZyIsInNsaWRlc2hvdyI6ImY3ZWJmNTIifQ%3D%3D\">\n\t\t\t\t\t<div class=\"e-gallery-image elementor-gallery-item__image\" data-thumbnail=\"https:\/\/somanest.fi\/wp-content\/uploads\/2025\/04\/eka-587x1024.jpeg\" data-width=\"587\" data-height=\"1024\" aria-label=\"\" role=\"img\" ><\/div>\n\t\t\t\t\t\t\t\t\t\t\t<div class=\"elementor-gallery-item__overlay\"><\/div>\n\t\t\t\t\t\t\t\t\t\t\t\t\t\t<\/a>\n\t\t\t\t\t<\/div>\n\t\t\t<\/div>\n\t\t\t\t<\/div>\n\t\t\t\t\t<\/div>\n\t\t\t\t<\/div>\n\t\t\t\t<\/div>\n\t\t","protected":false},"excerpt":{"rendered":"<p>Somanest kodit Olemme saaneet valmiiksi kaksi viihtyis\u00e4\u00e4 keskusta-asuntoa Lahden torin kupeeseen. Asuntojen vuokraaminen tapahtuu AirBnB:n kautta. Somanestin kodit tarjoavat hetken heng\u00e4hdyksen arjessa ja pient\u00e4 luksusta el\u00e4m\u00e4\u00e4n. Asunnot on juuri remontoitu tyylikk\u00e4in ja laadukkain materiaalein ja sijaitsevat keskeisell\u00e4 paikalla Lahden keskustassa, hyvien kulkuyhteyksien ja palveluiden \u00e4\u00e4ress\u00e4. Haluamme tarjota arjen luksusta jokaiselle vieraallemme. Olipa vierailusi lyhyt tai [&hellip;]<\/p>\n","protected":false},"author":2,"featured_media":0,"parent":0,"menu_order":4,"comment_status":"closed","ping_status":"closed","template":"","meta":{"footnotes":""},"class_list":["post-145","page","type-page","status-publish","hentry"],"_links":{"self":[{"href":"https:\/\/somanest.fi\/index.php\/wp-json\/wp\/v2\/pages\/145","targetHints":{"allow":["GET"]}}],"collection":[{"href":"https:\/\/somanest.fi\/index.php\/wp-json\/wp\/v2\/pages"}],"about":[{"href":"https:\/\/somanest.fi\/index.php\/wp-json\/wp\/v2\/types\/page"}],"author":[{"embeddable":true,"href":"https:\/\/somanest.fi\/index.php\/wp-json\/wp\/v2\/users\/2"}],"replies":[{"embeddable":true,"href":"https:\/\/somanest.fi\/index.php\/wp-json\/wp\/v2\/comments?post=145"}],"version-history":[{"count":23,"href":"https:\/\/somanest.fi\/index.php\/wp-json\/wp\/v2\/pages\/145\/revisions"}],"predecessor-version":[{"id":321,"href":"https:\/\/somanest.fi\/index.php\/wp-json\/wp\/v2\/pages\/145\/revisions\/321"}],"wp:attachment":[{"href":"https:\/\/somanest.fi\/index.php\/wp-json\/wp\/v2\/media?parent=145"}],"curies":[{"name":"wp","href":"https:\/\/api.w.org\/{rel}","templated":true}]}}