{"id":131,"date":"2024-11-03T14:36:45","date_gmt":"2024-11-03T14:36:45","guid":{"rendered":"https:\/\/somanest.fi\/?page_id=131"},"modified":"2025-02-02T07:54:52","modified_gmt":"2025-02-02T07:54:52","slug":"etusivu","status":"publish","type":"page","link":"https:\/\/somanest.fi\/","title":{"rendered":"Etusivu"},"content":{"rendered":"\t\t<div data-elementor-type=\"wp-page\" data-elementor-id=\"131\" class=\"elementor elementor-131\" data-elementor-post-type=\"page\">\n\t\t\t\t<div class=\"elementor-element elementor-element-929c24b e-flex e-con-boxed e-con e-parent\" data-id=\"929c24b\" data-element_type=\"container\">\n\t\t\t\t\t<div class=\"e-con-inner\">\n\t\t<div class=\"elementor-element elementor-element-f55af81 e-con-full e-flex e-con e-child\" data-id=\"f55af81\" data-element_type=\"container\">\n\t\t\t\t<div class=\"elementor-element elementor-element-92ef5c8 elementor-widget elementor-widget-text-editor\" data-id=\"92ef5c8\" data-element_type=\"widget\" data-widget_type=\"text-editor.default\">\n\t\t\t\t<div class=\"elementor-widget-container\">\n\t\t\t\t\t\t\t<h1 class=\"wp-block-heading has-text-align-center has-x-large-font-size\">Tervetuloa Somanestille!<\/h1>\n<p><!-- \/wp:heading --><!-- wp:spacer {\"height\":\"1.25rem\"} --><\/p>\n<div class=\"wp-block-spacer\" aria-hidden=\"true\">\u00a0<\/div>\n<p><!-- \/wp:spacer --><!-- wp:paragraph {\"align\":\"center\"} --><\/p>\n<p>Me olemme p\u00e4ij\u00e4th\u00e4m\u00e4l\u00e4inen monialayritys, joka tarjoaa laadukkaita ja asiakkaan tarpeisiin r\u00e4\u00e4t\u00e4l\u00f6ityj\u00e4 kotiinviet\u00e4vi\u00e4 palveluita, koulutuspalveluita sek\u00e4 lyhyt- ja pitk\u00e4aikaisia vuokrakoteja. Haluamme tehd\u00e4 kaiken asiakasl\u00e4ht\u00f6isesti tuoden iloa ja ratkaisuja arkeen.<\/p>\n<p>Sivultamme l\u00f6yd\u00e4t yksityiskohtaisemmat esittelyt palveluistamme. Haluamme edelleen kehitty\u00e4, joten kysy vain rohkeasti palveluistamme!<\/p>\n<p>Terkuin Miina, Sara &amp; Emilia<\/p>\t\t\t\t\t\t<\/div>\n\t\t\t\t<\/div>\n\t\t\t\t<\/div>\n\t\t<div class=\"elementor-element elementor-element-e4bbc34 e-con-full e-flex e-con e-child\" data-id=\"e4bbc34\" data-element_type=\"container\">\n\t\t\t\t<div class=\"elementor-element elementor-element-62dd2c7 elementor-align-center elementor-widget elementor-widget-button\" data-id=\"62dd2c7\" data-element_type=\"widget\" data-widget_type=\"button.default\">\n\t\t\t\t<div class=\"elementor-widget-container\">\n\t\t\t\t\t\t\t<div class=\"elementor-button-wrapper\">\n\t\t\t\t\t<a class=\"elementor-button elementor-button-link elementor-size-sm\" href=\"https:\/\/somanest.fi\/index.php\/yhteystiedot\/\">\n\t\t\t\t\t\t<span class=\"elementor-button-content-wrapper\">\n\t\t\t\t\t\t\t\t\t<span class=\"elementor-button-text\">Ota yhteytt\u00e4<\/span>\n\t\t\t\t\t<\/span>\n\t\t\t\t\t<\/a>\n\t\t\t\t<\/div>\n\t\t\t\t\t\t<\/div>\n\t\t\t\t<\/div>\n\t\t\t\t<\/div>\n\t\t<div class=\"elementor-element elementor-element-64256af e-con-full e-flex e-con e-child\" data-id=\"64256af\" data-element_type=\"container\">\n\t\t\t\t<div class=\"elementor-element elementor-element-eefeedf elementor-widget elementor-widget-image\" data-id=\"eefeedf\" data-element_type=\"widget\" data-widget_type=\"image.default\">\n\t\t\t\t<div class=\"elementor-widget-container\">\n\t\t\t\t\t\t\t\t\t\t\t\t\t<img fetchpriority=\"high\" decoding=\"async\" width=\"1024\" height=\"682\" src=\"https:\/\/somanest.fi\/wp-content\/uploads\/2024\/11\/image.jpeg\" class=\"attachment-large size-large wp-image-174\" alt=\"\" srcset=\"https:\/\/somanest.fi\/wp-content\/uploads\/2024\/11\/image.jpeg 1024w, https:\/\/somanest.fi\/wp-content\/uploads\/2024\/11\/image-300x200.jpeg 300w, https:\/\/somanest.fi\/wp-content\/uploads\/2024\/11\/image-768x512.jpeg 768w\" sizes=\"(max-width: 1024px) 100vw, 1024px\" \/>\t\t\t\t\t\t\t\t\t\t\t\t\t<\/div>\n\t\t\t\t<\/div>\n\t\t\t\t<\/div>\n\t\t\t\t\t<\/div>\n\t\t\t\t<\/div>\n\t\t\t\t<\/div>\n\t\t","protected":false},"excerpt":{"rendered":"<p>Tervetuloa Somanestille! \u00a0 Me olemme p\u00e4ij\u00e4th\u00e4m\u00e4l\u00e4inen monialayritys, joka tarjoaa laadukkaita ja asiakkaan tarpeisiin r\u00e4\u00e4t\u00e4l\u00f6ityj\u00e4 kotiinviet\u00e4vi\u00e4 palveluita, koulutuspalveluita sek\u00e4 lyhyt- ja pitk\u00e4aikaisia vuokrakoteja. Haluamme tehd\u00e4 kaiken asiakasl\u00e4ht\u00f6isesti tuoden iloa ja ratkaisuja arkeen. Sivultamme l\u00f6yd\u00e4t yksityiskohtaisemmat esittelyt palveluistamme. Haluamme edelleen kehitty\u00e4, joten kysy vain rohkeasti palveluistamme! Terkuin Miina, Sara &amp; Emilia Ota yhteytt\u00e4<\/p>\n","protected":false},"author":2,"featured_media":0,"parent":0,"menu_order":1,"comment_status":"closed","ping_status":"closed","template":"","meta":{"footnotes":""},"class_list":["post-131","page","type-page","status-publish","hentry"],"_links":{"self":[{"href":"https:\/\/somanest.fi\/index.php\/wp-json\/wp\/v2\/pages\/131","targetHints":{"allow":["GET"]}}],"collection":[{"href":"https:\/\/somanest.fi\/index.php\/wp-json\/wp\/v2\/pages"}],"about":[{"href":"https:\/\/somanest.fi\/index.php\/wp-json\/wp\/v2\/types\/page"}],"author":[{"embeddable":true,"href":"https:\/\/somanest.fi\/index.php\/wp-json\/wp\/v2\/users\/2"}],"replies":[{"embeddable":true,"href":"https:\/\/somanest.fi\/index.php\/wp-json\/wp\/v2\/comments?post=131"}],"version-history":[{"count":27,"href":"https:\/\/somanest.fi\/index.php\/wp-json\/wp\/v2\/pages\/131\/revisions"}],"predecessor-version":[{"id":361,"href":"https:\/\/somanest.fi\/index.php\/wp-json\/wp\/v2\/pages\/131\/revisions\/361"}],"wp:attachment":[{"href":"https:\/\/somanest.fi\/index.php\/wp-json\/wp\/v2\/media?parent=131"}],"curies":[{"name":"wp","href":"https:\/\/api.w.org\/{rel}","templated":true}]}}